{"id":3414,"date":"2020-06-10T15:52:03","date_gmt":"2020-06-10T13:52:03","guid":{"rendered":"https:\/\/cgttourisme-mtgreova.pf26.wpserveur.net\/geniessen\/"},"modified":"2021-04-12T13:51:23","modified_gmt":"2021-04-12T11:51:23","slug":"geniessen","status":"publish","type":"page","link":"https:\/\/visitova.be\/de\/geniessen\/","title":{"rendered":"Geniessen"},"content":{"rendered":"<p>[et_pb_section fb_built=&#8220;1&#8243; specialty=&#8220;on&#8220; _builder_version=&#8220;4.4.4&#8243; custom_padding=&#8220;0px|||||&#8220;][et_pb_column type=&#8220;1_2&#8243; _builder_version=&#8220;3.25&#8243; custom_padding=&#8220;|||&#8220; custom_padding__hover=&#8220;|||&#8220;][et_pb_image src=&#8220;https:\/\/ovatourisme.be\/wp-content\/uploads\/2020\/05\/plat-restaurant-w600.jpg&#8220; alt=&#8220;Restaurantgericht&#8220; title_text=&#8220;Restaurantgericht&#8220; _builder_version=&#8220;4.4.4&#8243;][\/et_pb_image][\/et_pb_column][et_pb_column type=&#8220;1_2&#8243; specialty_columns=&#8220;2&#8243; _builder_version=&#8220;3.25&#8243; custom_padding=&#8220;|||&#8220; custom_padding__hover=&#8220;|||&#8220;][et_pb_row_inner _builder_version=&#8220;4.4.4&#8243;][et_pb_column_inner saved_specialty_column_type=&#8220;1_2&#8243; _builder_version=&#8220;4.4.4&#8243;][et_pb_text _builder_version=&#8220;4.4.4&#8243; text_orientation=&#8220;justified&#8220;]<\/p>\n<p><span>Das Land Ourthe-Vesdre-Ambl\u00e8ve ist eine Genussregion, in der viele Restaurants regionale, mit Leidenschaft hergestellte Produkte pr\u00e4sentieren. Entdecken Sie eine gro\u00dfe Auswahl an Restaurants, von Gourmettempeln \u00fcber Gasth\u00e4user, die L\u00fctticher K\u00fcche servieren, bis zur K\u00fcche aus aller Welt &#8230;<\/span><\/p>\n<p><span>Treffen Sie Bauern und G\u00e4rtner, K\u00e4semacher, Schokoladenfabrikanten oder erkunden Sie unsere Strassen, um Brauereien und Weinproduzenten zu entdecken.<\/span><\/p>\n<p>[\/et_pb_text][\/et_pb_column_inner][\/et_pb_row_inner][et_pb_row_inner column_structure=&#8220;1_2,1_2&#8243; _builder_version=&#8220;4.4.4&#8243; custom_padding=&#8220;0px|||||&#8220;][et_pb_column_inner type=&#8220;1_2&#8243; saved_specialty_column_type=&#8220;1_2&#8243; _builder_version=&#8220;4.4.4&#8243;][et_pb_cta button_url=&#8220;\/savourer\/restaurants&#8220; button_text=&#8220;Restaurants&#8220; module_class=&#8220;djb_cta-titre&#8220; _builder_version=&#8220;4.4.4&#8243; header_level=&#8220;h3&#8243; header_text_color=&#8220;#09385e&#8220; body_text_color=&#8220;#0063ab&#8220; background_enable_color=&#8220;off&#8220; background_image=&#8220;https:\/\/ovatourisme.be\/wp-content\/uploads\/2020\/05\/restaurant-amis.jpg&#8220; background_position=&#8220;center_left&#8220; custom_button=&#8220;on&#8220; button_bg_color=&#8220;rgba(9,56,94,0.75)&#8220; button_border_width=&#8220;0px&#8220; button_border_radius=&#8220;0px&#8220; button_use_icon=&#8220;off&#8220; min_height=&#8220;250px&#8220; custom_padding=&#8220;0px|0px|0px|0px|true|true&#8220; link_option_url=&#8220;\/savourer\/restaurants&#8220; custom_css_promo_button=&#8220;margin-top: calc(50% &#8211; 25px);||margin-left: 0px;||margin-right: 0px;||width: 100%;&#8220; border_radii=&#8220;on|7px|7px|7px|7px&#8220; box_shadow_style=&#8220;preset3&#8243;][\/et_pb_cta][\/et_pb_column_inner][et_pb_column_inner type=&#8220;1_2&#8243; saved_specialty_column_type=&#8220;1_2&#8243; _builder_version=&#8220;4.4.4&#8243;][et_pb_cta button_url=&#8220;\/savourer\/producteurs-du-terroir&#8220; button_text=&#8220;Regionale Hersteller&#8220; module_class=&#8220;djb_cta-titre&#8220; _builder_version=&#8220;4.4.4&#8243; header_level=&#8220;h3&#8243; header_text_color=&#8220;#09385e&#8220; body_text_color=&#8220;#0063ab&#8220; background_enable_color=&#8220;off&#8220; background_image=&#8220;https:\/\/ovatourisme.be\/wp-content\/uploads\/2020\/05\/produits-terroir.jpg&#8220; background_position=&#8220;center_left&#8220; custom_button=&#8220;on&#8220; button_bg_color=&#8220;rgba(9,56,94,0.75)&#8220; button_border_width=&#8220;0px&#8220; button_border_radius=&#8220;0px&#8220; button_use_icon=&#8220;off&#8220; min_height=&#8220;250px&#8220; custom_padding=&#8220;0px|0px|0px|0px|true|true&#8220; link_option_url=&#8220;\/savourer\/producteurs-du-terroir&#8220; custom_css_promo_button=&#8220;margin-top: calc(50% &#8211; 25px);||margin-left: 0px;||margin-right: 0px;||width: 100%;&#8220; border_radii=&#8220;on|7px|7px|7px|7px&#8220; box_shadow_style=&#8220;preset3&#8243;][\/et_pb_cta][\/et_pb_column_inner][\/et_pb_row_inner][et_pb_row_inner column_structure=&#8220;1_2,1_2&#8243; _builder_version=&#8220;4.4.4&#8243; custom_padding=&#8220;0px|||||&#8220;][et_pb_column_inner type=&#8220;1_2&#8243; saved_specialty_column_type=&#8220;1_2&#8243; _builder_version=&#8220;4.4.4&#8243;][et_pb_cta button_url=&#8220;\/de\/barbecues-et-salles-de-fetes&#8220; button_text=&#8220;Grillpl\u00e4tze und Fests\u00e4le&#8220; module_class=&#8220;djb_cta-titre&#8220; _builder_version=&#8220;4.9.2&#8243; header_level=&#8220;h3&#8243; header_text_color=&#8220;#09385e&#8220; body_text_color=&#8220;#0063ab&#8220; background_enable_color=&#8220;off&#8220; background_image=&#8220;https:\/\/ovatourisme.be\/wp-content\/uploads\/2021\/04\/barbecue.jpg&#8220; background_position=&#8220;center_left&#8220; custom_button=&#8220;on&#8220; button_bg_color=&#8220;rgba(9,56,94,0.75)&#8220; button_border_width=&#8220;0px&#8220; button_border_radius=&#8220;0px&#8220; button_use_icon=&#8220;off&#8220; min_height=&#8220;250px&#8220; custom_padding=&#8220;0px|0px|0px|0px|true|true&#8220; link_option_url=&#8220;\/barbecues-et-salles-de-fetes&#8220; hover_enabled=&#8220;0&#8243; custom_css_promo_button=&#8220;margin-top: calc(50% &#8211; 25px);||margin-left: 0px;||margin-right: 0px;||width: 100%;&#8220; border_radii=&#8220;on|7px|7px|7px|7px&#8220; box_shadow_style=&#8220;preset3&#8243; alt=&#8220;Barbecue&#8220; title_text=&#8220;barbecue&#8220; sticky_enabled=&#8220;0&#8243; global_module=&#8220;6696&#8243; saved_tabs=&#8220;all&#8220;][\/et_pb_cta][\/et_pb_column_inner][et_pb_column_inner type=&#8220;1_2&#8243; saved_specialty_column_type=&#8220;1_2&#8243; _builder_version=&#8220;4.4.4&#8243;][et_pb_cta button_url=&#8220;@ET-DC@eyJkeW5hbWljIjp0cnVlLCJjb250ZW50IjoicG9zdF9saW5rX3VybF9wYWdlIiwic2V0dGluZ3MiOnsicG9zdF9pZCI6IjYyNjUifX0=@&#8220; button_text=&#8220;Bierroute&#8220; module_class=&#8220;djb_cta-titre&#8220; _builder_version=&#8220;4.9.2&#8243; header_level=&#8220;h3&#8243; header_text_color=&#8220;#09385e&#8220; body_text_color=&#8220;#0063ab&#8220; background_enable_color=&#8220;off&#8220; background_image=&#8220;https:\/\/ovatourisme.be\/wp-content\/uploads\/2020\/12\/pack-bieres.jpg&#8220; background_position=&#8220;center_left&#8220; custom_button=&#8220;on&#8220; button_bg_color=&#8220;rgba(9,56,94,0.75)&#8220; button_border_width=&#8220;0px&#8220; button_border_radius=&#8220;0px&#8220; button_use_icon=&#8220;off&#8220; min_height=&#8220;250px&#8220; custom_padding=&#8220;0px|0px|0px|0px|true|true&#8220; link_option_url=&#8220;@ET-DC@eyJkeW5hbWljIjp0cnVlLCJjb250ZW50IjoicG9zdF9saW5rX3VybF9wYWdlIiwic2V0dGluZ3MiOnsicG9zdF9pZCI6IjYyNjUifX0=@&#8220; hover_enabled=&#8220;0&#8243; custom_css_promo_button=&#8220;margin-top: calc(50% &#8211; 25px);||margin-left: 0px;||margin-right: 0px;||width: 100%;&#8220; border_radii=&#8220;on|7px|7px|7px|7px&#8220; box_shadow_style=&#8220;preset3&#8243; _dynamic_attributes=&#8220;link_option_url,button_url&#8220; alt=&#8220;Pack bi\u00e8res&#8220; title_text=&#8220;pack-bieres&#8220; sticky_enabled=&#8220;0&#8243;][\/et_pb_cta][\/et_pb_column_inner][\/et_pb_row_inner][\/et_pb_column][\/et_pb_section]<\/p>\n","protected":false},"excerpt":{"rendered":"<p>Das Land Ourthe-Vesdre-Ambl\u00e8ve ist eine Genussregion, in der viele Restaurants regionale, mit Leidenschaft hergestellte Produkte pr\u00e4sentieren. Entdecken Sie eine gro\u00dfe Auswahl an Restaurants, von Gourmettempeln \u00fcber Gasth\u00e4user, die L\u00fctticher K\u00fcche servieren, bis zur K\u00fcche aus aller Welt &#8230; Treffen Sie Bauern und G\u00e4rtner, K\u00e4semacher, Schokoladenfabrikanten oder erkunden Sie unsere Strassen, um Brauereien und Weinproduzenten zu [&hellip;]<\/p>\n","protected":false},"author":1,"featured_media":3415,"parent":0,"menu_order":0,"comment_status":"closed","ping_status":"closed","template":"","meta":{"_acf_changed":false,"_et_pb_use_builder":"on","_et_pb_old_content":"","_et_gb_content_width":"","footnotes":""},"class_list":["post-3414","page","type-page","status-publish","has-post-thumbnail","hentry"],"acf":[],"yoast_head":"<!-- This site is optimized with the Yoast SEO plugin v25.5 - https:\/\/yoast.com\/wordpress\/plugins\/seo\/ -->\n<title>Geniessen - MT Ourthe-Vesdre-Ambl\u00e8ve<\/title>\n<meta name=\"robots\" content=\"index, follow, max-snippet:-1, max-image-preview:large, max-video-preview:-1\" \/>\n<link rel=\"canonical\" href=\"https:\/\/visitova.be\/de\/geniessen\/\" \/>\n<meta property=\"og:locale\" content=\"de_DE\" \/>\n<meta property=\"og:type\" content=\"article\" \/>\n<meta property=\"og:title\" content=\"Geniessen - MT Ourthe-Vesdre-Ambl\u00e8ve\" \/>\n<meta property=\"og:description\" content=\"Das Land Ourthe-Vesdre-Ambl\u00e8ve ist eine Genussregion, in der viele Restaurants regionale, mit Leidenschaft hergestellte Produkte pr\u00e4sentieren. Entdecken Sie eine gro\u00dfe Auswahl an Restaurants, von Gourmettempeln \u00fcber Gasth\u00e4user, die L\u00fctticher K\u00fcche servieren, bis zur K\u00fcche aus aller Welt ... Treffen Sie Bauern und G\u00e4rtner, K\u00e4semacher, Schokoladenfabrikanten oder erkunden Sie unsere Strassen, um Brauereien und Weinproduzenten zu [&hellip;]\" \/>\n<meta property=\"og:url\" content=\"https:\/\/visitova.be\/de\/geniessen\/\" \/>\n<meta property=\"og:site_name\" content=\"MT Ourthe-Vesdre-Ambl\u00e8ve\" \/>\n<meta property=\"article:modified_time\" content=\"2021-04-12T11:51:23+00:00\" \/>\n<meta property=\"og:image\" content=\"https:\/\/visitova.be\/wp-content\/uploads\/2020\/02\/boulets-frites-w1920.jpg\" \/>\n\t<meta property=\"og:image:width\" content=\"1920\" \/>\n\t<meta property=\"og:image:height\" content=\"720\" \/>\n\t<meta property=\"og:image:type\" content=\"image\/jpeg\" \/>\n<meta name=\"twitter:card\" content=\"summary_large_image\" \/>\n<meta name=\"twitter:label1\" content=\"Gesch\u00e4tzte Lesezeit\" \/>\n\t<meta name=\"twitter:data1\" content=\"4\u00a0Minuten\" \/>\n<script type=\"application\/ld+json\" class=\"yoast-schema-graph\">{\"@context\":\"https:\/\/schema.org\",\"@graph\":[{\"@type\":\"WebPage\",\"@id\":\"https:\/\/visitova.be\/de\/geniessen\/\",\"url\":\"https:\/\/visitova.be\/de\/geniessen\/\",\"name\":\"Geniessen - MT Ourthe-Vesdre-Ambl\u00e8ve\",\"isPartOf\":{\"@id\":\"https:\/\/visitova.be\/de\/#website\"},\"primaryImageOfPage\":{\"@id\":\"https:\/\/visitova.be\/de\/geniessen\/#primaryimage\"},\"image\":{\"@id\":\"https:\/\/visitova.be\/de\/geniessen\/#primaryimage\"},\"thumbnailUrl\":\"https:\/\/visitova.be\/wp-content\/uploads\/2020\/02\/boulets-frites-w1920.jpg\",\"datePublished\":\"2020-06-10T13:52:03+00:00\",\"dateModified\":\"2021-04-12T11:51:23+00:00\",\"breadcrumb\":{\"@id\":\"https:\/\/visitova.be\/de\/geniessen\/#breadcrumb\"},\"inLanguage\":\"de\",\"potentialAction\":[{\"@type\":\"ReadAction\",\"target\":[\"https:\/\/visitova.be\/de\/geniessen\/\"]}]},{\"@type\":\"ImageObject\",\"inLanguage\":\"de\",\"@id\":\"https:\/\/visitova.be\/de\/geniessen\/#primaryimage\",\"url\":\"https:\/\/visitova.be\/wp-content\/uploads\/2020\/02\/boulets-frites-w1920.jpg\",\"contentUrl\":\"https:\/\/visitova.be\/wp-content\/uploads\/2020\/02\/boulets-frites-w1920.jpg\",\"width\":1920,\"height\":720},{\"@type\":\"BreadcrumbList\",\"@id\":\"https:\/\/visitova.be\/de\/geniessen\/#breadcrumb\",\"itemListElement\":[{\"@type\":\"ListItem\",\"position\":1,\"name\":\"Accueil\",\"item\":\"https:\/\/visitova.be\/de\/\"},{\"@type\":\"ListItem\",\"position\":2,\"name\":\"Geniessen\"}]},{\"@type\":\"WebSite\",\"@id\":\"https:\/\/visitova.be\/de\/#website\",\"url\":\"https:\/\/visitova.be\/de\/\",\"name\":\"MT Ourthe-Vesdre-Ambl\u00e8ve\",\"description\":\"Bienvenue en Ourthe-Vesdre-Ambl\u00e8ve\",\"potentialAction\":[{\"@type\":\"SearchAction\",\"target\":{\"@type\":\"EntryPoint\",\"urlTemplate\":\"https:\/\/visitova.be\/de\/?s={search_term_string}\"},\"query-input\":{\"@type\":\"PropertyValueSpecification\",\"valueRequired\":true,\"valueName\":\"search_term_string\"}}],\"inLanguage\":\"de\"}]}<\/script>\n<!-- \/ Yoast SEO plugin. -->","yoast_head_json":{"title":"Geniessen - MT Ourthe-Vesdre-Ambl\u00e8ve","robots":{"index":"index","follow":"follow","max-snippet":"max-snippet:-1","max-image-preview":"max-image-preview:large","max-video-preview":"max-video-preview:-1"},"canonical":"https:\/\/visitova.be\/de\/geniessen\/","og_locale":"de_DE","og_type":"article","og_title":"Geniessen - MT Ourthe-Vesdre-Ambl\u00e8ve","og_description":"Das Land Ourthe-Vesdre-Ambl\u00e8ve ist eine Genussregion, in der viele Restaurants regionale, mit Leidenschaft hergestellte Produkte pr\u00e4sentieren. Entdecken Sie eine gro\u00dfe Auswahl an Restaurants, von Gourmettempeln \u00fcber Gasth\u00e4user, die L\u00fctticher K\u00fcche servieren, bis zur K\u00fcche aus aller Welt ... Treffen Sie Bauern und G\u00e4rtner, K\u00e4semacher, Schokoladenfabrikanten oder erkunden Sie unsere Strassen, um Brauereien und Weinproduzenten zu [&hellip;]","og_url":"https:\/\/visitova.be\/de\/geniessen\/","og_site_name":"MT Ourthe-Vesdre-Ambl\u00e8ve","article_modified_time":"2021-04-12T11:51:23+00:00","og_image":[{"width":1920,"height":720,"url":"https:\/\/visitova.be\/wp-content\/uploads\/2020\/02\/boulets-frites-w1920.jpg","type":"image\/jpeg"}],"twitter_card":"summary_large_image","twitter_misc":{"Gesch\u00e4tzte Lesezeit":"4\u00a0Minuten"},"schema":{"@context":"https:\/\/schema.org","@graph":[{"@type":"WebPage","@id":"https:\/\/visitova.be\/de\/geniessen\/","url":"https:\/\/visitova.be\/de\/geniessen\/","name":"Geniessen - MT Ourthe-Vesdre-Ambl\u00e8ve","isPartOf":{"@id":"https:\/\/visitova.be\/de\/#website"},"primaryImageOfPage":{"@id":"https:\/\/visitova.be\/de\/geniessen\/#primaryimage"},"image":{"@id":"https:\/\/visitova.be\/de\/geniessen\/#primaryimage"},"thumbnailUrl":"https:\/\/visitova.be\/wp-content\/uploads\/2020\/02\/boulets-frites-w1920.jpg","datePublished":"2020-06-10T13:52:03+00:00","dateModified":"2021-04-12T11:51:23+00:00","breadcrumb":{"@id":"https:\/\/visitova.be\/de\/geniessen\/#breadcrumb"},"inLanguage":"de","potentialAction":[{"@type":"ReadAction","target":["https:\/\/visitova.be\/de\/geniessen\/"]}]},{"@type":"ImageObject","inLanguage":"de","@id":"https:\/\/visitova.be\/de\/geniessen\/#primaryimage","url":"https:\/\/visitova.be\/wp-content\/uploads\/2020\/02\/boulets-frites-w1920.jpg","contentUrl":"https:\/\/visitova.be\/wp-content\/uploads\/2020\/02\/boulets-frites-w1920.jpg","width":1920,"height":720},{"@type":"BreadcrumbList","@id":"https:\/\/visitova.be\/de\/geniessen\/#breadcrumb","itemListElement":[{"@type":"ListItem","position":1,"name":"Accueil","item":"https:\/\/visitova.be\/de\/"},{"@type":"ListItem","position":2,"name":"Geniessen"}]},{"@type":"WebSite","@id":"https:\/\/visitova.be\/de\/#website","url":"https:\/\/visitova.be\/de\/","name":"MT Ourthe-Vesdre-Ambl\u00e8ve","description":"Bienvenue en Ourthe-Vesdre-Ambl\u00e8ve","potentialAction":[{"@type":"SearchAction","target":{"@type":"EntryPoint","urlTemplate":"https:\/\/visitova.be\/de\/?s={search_term_string}"},"query-input":{"@type":"PropertyValueSpecification","valueRequired":true,"valueName":"search_term_string"}}],"inLanguage":"de"}]}},"_links":{"self":[{"href":"https:\/\/visitova.be\/de\/wp-json\/wp\/v2\/pages\/3414"}],"collection":[{"href":"https:\/\/visitova.be\/de\/wp-json\/wp\/v2\/pages"}],"about":[{"href":"https:\/\/visitova.be\/de\/wp-json\/wp\/v2\/types\/page"}],"author":[{"embeddable":true,"href":"https:\/\/visitova.be\/de\/wp-json\/wp\/v2\/users\/1"}],"replies":[{"embeddable":true,"href":"https:\/\/visitova.be\/de\/wp-json\/wp\/v2\/comments?post=3414"}],"version-history":[{"count":0,"href":"https:\/\/visitova.be\/de\/wp-json\/wp\/v2\/pages\/3414\/revisions"}],"wp:featuredmedia":[{"embeddable":true,"href":"https:\/\/visitova.be\/de\/wp-json\/wp\/v2\/media\/3415"}],"wp:attachment":[{"href":"https:\/\/visitova.be\/de\/wp-json\/wp\/v2\/media?parent=3414"}],"curies":[{"name":"wp","href":"https:\/\/api.w.org\/{rel}","templated":true}]}}