{"id":3987,"date":"2020-07-09T13:21:00","date_gmt":"2020-07-09T11:21:00","guid":{"rendered":"https:\/\/cgttourisme-mtgreova.pf26.wpserveur.net\/touristische-karte\/"},"modified":"2020-09-03T16:25:01","modified_gmt":"2020-09-03T14:25:01","slug":"touristische-karte","status":"publish","type":"page","link":"https:\/\/visitova.be\/de\/touristische-karte\/","title":{"rendered":"Touristische Karte"},"content":{"rendered":"[et_pb_section fb_built=&#8220;1&#8243; _builder_version=&#8220;4.4.7&#8243;][et_pb_row _builder_version=&#8220;4.4.7&#8243; column_structure=&#8220;1_4,3_4&#8243; custom_padding=&#8220;0px|||||&#8220;][et_pb_column _builder_version=&#8220;4.4.7&#8243; type=&#8220;1_4&#8243;][et_pb_text _builder_version=&#8220;4.4.7&#8243; hover_enabled=&#8220;0&#8243;]<p>L&#8217;Ourthe-Vesdre-Ambl\u00e8ve (OVA) est situ\u00e9e en Province de Li\u00e8ge, en Wallonie. Cette r\u00e9gion aux paysages vari\u00e9s (Condroz, Famenne, Ardenne) est \u00e0 seulement 15 minutes de Li\u00e8ge, 45 minutes de Maastricht et d&#8217;Aachen et 1 heure de Bruxelles. Son territoire s&#8217;\u00e9tend sur 12 communes:<\/p>\n<ul>\n<li>Anthisnes<\/li>\n<li>Aywaille<\/li>\n<li>Chaudfontaine<\/li>\n<li>Comblain-au-Pont<\/li>\n<li>Esneux<\/li>\n<li>Ferri\u00e8res<\/li>\n<li>Hamoir<\/li>\n<li>Neupr\u00e9<\/li>\n<li>Ouffet<\/li>\n<li>Sprimont<\/li>\n<li>Stoumont<\/li>\n<li>Trooz<\/li>\n<\/ul>\n[\/et_pb_text][et_pb_button button_text=&#8220;T\u00e9l\u00e9charger en PDF&#8220; _builder_version=&#8220;4.4.7&#8243; button_url=&#8220;\/wp-content\/uploads\/2020\/07\/carte-touristique-ova.pdf&#8220; url_new_window=&#8220;on&#8220; hover_enabled=&#8220;0&#8243;][\/et_pb_button][et_pb_image src=&#8220;https:\/\/ovatourisme.be\/wp-content\/uploads\/2020\/07\/carte-ova-bnl.png&#8220; _builder_version=&#8220;4.4.7&#8243; alt=&#8220;OVA (Belgique)&#8220; title_text=&#8220;carte-ova-bnl&#8220; hover_enabled=&#8220;0&#8243;][\/et_pb_image][\/et_pb_column][et_pb_column _builder_version=&#8220;4.4.7&#8243; type=&#8220;3_4&#8243;][et_pb_image src=&#8220;https:\/\/ovatourisme.be\/wp-content\/uploads\/2020\/07\/carte-ova.jpg&#8220; _builder_version=&#8220;4.4.7&#8243; alt=&#8220;Carte OVA&#8220; title_text=&#8220;carte-ova&#8220; show_in_lightbox=&#8220;on&#8220; hover_enabled=&#8220;0&#8243;][\/et_pb_image][\/et_pb_column][\/et_pb_row][\/et_pb_section]","protected":false},"excerpt":{"rendered":"<p>L&#8217;Ourthe-Vesdre-Ambl\u00e8ve (OVA) est situ\u00e9e en Province de Li\u00e8ge, en Wallonie. Cette r\u00e9gion aux paysages vari\u00e9s (Condroz, Famenne, Ardenne) est \u00e0 seulement 15 minutes de Li\u00e8ge, 45 minutes de Maastricht et d&#8217;Aachen et 1 heure de Bruxelles. Son territoire s&#8217;\u00e9tend sur 12 communes: Anthisnes Aywaille Chaudfontaine Comblain-au-Pont Esneux Ferri\u00e8res Hamoir Neupr\u00e9 Ouffet Sprimont Stoumont Trooz<\/p>\n","protected":false},"author":9,"featured_media":4562,"parent":0,"menu_order":0,"comment_status":"closed","ping_status":"closed","template":"","meta":{"_acf_changed":false,"_et_pb_use_builder":"on","_et_pb_old_content":"","_et_gb_content_width":"","footnotes":""},"class_list":["post-3987","page","type-page","status-publish","has-post-thumbnail","hentry"],"acf":[],"yoast_head":"<!-- This site is optimized with the Yoast SEO plugin v25.5 - https:\/\/yoast.com\/wordpress\/plugins\/seo\/ -->\n<title>Touristische Karte - MT Ourthe-Vesdre-Ambl\u00e8ve<\/title>\n<meta name=\"robots\" content=\"index, follow, max-snippet:-1, max-image-preview:large, max-video-preview:-1\" \/>\n<link rel=\"canonical\" href=\"https:\/\/visitova.be\/de\/touristische-karte\/\" \/>\n<meta property=\"og:locale\" content=\"de_DE\" \/>\n<meta property=\"og:type\" content=\"article\" \/>\n<meta property=\"og:title\" content=\"Touristische Karte - MT Ourthe-Vesdre-Ambl\u00e8ve\" \/>\n<meta property=\"og:description\" content=\"L&#039;Ourthe-Vesdre-Ambl\u00e8ve (OVA) est situ\u00e9e en Province de Li\u00e8ge, en Wallonie. Cette r\u00e9gion aux paysages vari\u00e9s (Condroz, Famenne, Ardenne) est \u00e0 seulement 15 minutes de Li\u00e8ge, 45 minutes de Maastricht et d&#039;Aachen et 1 heure de Bruxelles. Son territoire s&#039;\u00e9tend sur 12 communes: Anthisnes Aywaille Chaudfontaine Comblain-au-Pont Esneux Ferri\u00e8res Hamoir Neupr\u00e9 Ouffet Sprimont Stoumont Trooz\" \/>\n<meta property=\"og:url\" content=\"https:\/\/visitova.be\/de\/touristische-karte\/\" \/>\n<meta property=\"og:site_name\" content=\"MT Ourthe-Vesdre-Ambl\u00e8ve\" \/>\n<meta property=\"article:modified_time\" content=\"2020-09-03T14:25:01+00:00\" \/>\n<meta property=\"og:image\" content=\"https:\/\/visitova.be\/wp-content\/uploads\/2020\/03\/resultat-w1920.jpg\" \/>\n\t<meta property=\"og:image:width\" content=\"1920\" \/>\n\t<meta property=\"og:image:height\" content=\"720\" \/>\n\t<meta property=\"og:image:type\" content=\"image\/jpeg\" \/>\n<meta name=\"twitter:card\" content=\"summary_large_image\" \/>\n<meta name=\"twitter:label1\" content=\"Gesch\u00e4tzte Lesezeit\" \/>\n\t<meta name=\"twitter:data1\" content=\"1\u00a0Minute\" \/>\n<script type=\"application\/ld+json\" class=\"yoast-schema-graph\">{\"@context\":\"https:\/\/schema.org\",\"@graph\":[{\"@type\":\"WebPage\",\"@id\":\"https:\/\/visitova.be\/de\/touristische-karte\/\",\"url\":\"https:\/\/visitova.be\/de\/touristische-karte\/\",\"name\":\"Touristische Karte - MT Ourthe-Vesdre-Ambl\u00e8ve\",\"isPartOf\":{\"@id\":\"https:\/\/visitova.be\/de\/#website\"},\"primaryImageOfPage\":{\"@id\":\"https:\/\/visitova.be\/de\/touristische-karte\/#primaryimage\"},\"image\":{\"@id\":\"https:\/\/visitova.be\/de\/touristische-karte\/#primaryimage\"},\"thumbnailUrl\":\"https:\/\/visitova.be\/wp-content\/uploads\/2020\/03\/resultat-w1920.jpg\",\"datePublished\":\"2020-07-09T11:21:00+00:00\",\"dateModified\":\"2020-09-03T14:25:01+00:00\",\"breadcrumb\":{\"@id\":\"https:\/\/visitova.be\/de\/touristische-karte\/#breadcrumb\"},\"inLanguage\":\"de\",\"potentialAction\":[{\"@type\":\"ReadAction\",\"target\":[\"https:\/\/visitova.be\/de\/touristische-karte\/\"]}]},{\"@type\":\"ImageObject\",\"inLanguage\":\"de\",\"@id\":\"https:\/\/visitova.be\/de\/touristische-karte\/#primaryimage\",\"url\":\"https:\/\/visitova.be\/wp-content\/uploads\/2020\/03\/resultat-w1920.jpg\",\"contentUrl\":\"https:\/\/visitova.be\/wp-content\/uploads\/2020\/03\/resultat-w1920.jpg\",\"width\":1920,\"height\":720},{\"@type\":\"BreadcrumbList\",\"@id\":\"https:\/\/visitova.be\/de\/touristische-karte\/#breadcrumb\",\"itemListElement\":[{\"@type\":\"ListItem\",\"position\":1,\"name\":\"Accueil\",\"item\":\"https:\/\/visitova.be\/de\/\"},{\"@type\":\"ListItem\",\"position\":2,\"name\":\"Touristische Karte\"}]},{\"@type\":\"WebSite\",\"@id\":\"https:\/\/visitova.be\/de\/#website\",\"url\":\"https:\/\/visitova.be\/de\/\",\"name\":\"MT Ourthe-Vesdre-Ambl\u00e8ve\",\"description\":\"Bienvenue en Ourthe-Vesdre-Ambl\u00e8ve\",\"potentialAction\":[{\"@type\":\"SearchAction\",\"target\":{\"@type\":\"EntryPoint\",\"urlTemplate\":\"https:\/\/visitova.be\/de\/?s={search_term_string}\"},\"query-input\":{\"@type\":\"PropertyValueSpecification\",\"valueRequired\":true,\"valueName\":\"search_term_string\"}}],\"inLanguage\":\"de\"}]}<\/script>\n<!-- \/ Yoast SEO plugin. -->","yoast_head_json":{"title":"Touristische Karte - MT Ourthe-Vesdre-Ambl\u00e8ve","robots":{"index":"index","follow":"follow","max-snippet":"max-snippet:-1","max-image-preview":"max-image-preview:large","max-video-preview":"max-video-preview:-1"},"canonical":"https:\/\/visitova.be\/de\/touristische-karte\/","og_locale":"de_DE","og_type":"article","og_title":"Touristische Karte - MT Ourthe-Vesdre-Ambl\u00e8ve","og_description":"L'Ourthe-Vesdre-Ambl\u00e8ve (OVA) est situ\u00e9e en Province de Li\u00e8ge, en Wallonie. Cette r\u00e9gion aux paysages vari\u00e9s (Condroz, Famenne, Ardenne) est \u00e0 seulement 15 minutes de Li\u00e8ge, 45 minutes de Maastricht et d'Aachen et 1 heure de Bruxelles. Son territoire s'\u00e9tend sur 12 communes: Anthisnes Aywaille Chaudfontaine Comblain-au-Pont Esneux Ferri\u00e8res Hamoir Neupr\u00e9 Ouffet Sprimont Stoumont Trooz","og_url":"https:\/\/visitova.be\/de\/touristische-karte\/","og_site_name":"MT Ourthe-Vesdre-Ambl\u00e8ve","article_modified_time":"2020-09-03T14:25:01+00:00","og_image":[{"width":1920,"height":720,"url":"https:\/\/visitova.be\/wp-content\/uploads\/2020\/03\/resultat-w1920.jpg","type":"image\/jpeg"}],"twitter_card":"summary_large_image","twitter_misc":{"Gesch\u00e4tzte Lesezeit":"1\u00a0Minute"},"schema":{"@context":"https:\/\/schema.org","@graph":[{"@type":"WebPage","@id":"https:\/\/visitova.be\/de\/touristische-karte\/","url":"https:\/\/visitova.be\/de\/touristische-karte\/","name":"Touristische Karte - MT Ourthe-Vesdre-Ambl\u00e8ve","isPartOf":{"@id":"https:\/\/visitova.be\/de\/#website"},"primaryImageOfPage":{"@id":"https:\/\/visitova.be\/de\/touristische-karte\/#primaryimage"},"image":{"@id":"https:\/\/visitova.be\/de\/touristische-karte\/#primaryimage"},"thumbnailUrl":"https:\/\/visitova.be\/wp-content\/uploads\/2020\/03\/resultat-w1920.jpg","datePublished":"2020-07-09T11:21:00+00:00","dateModified":"2020-09-03T14:25:01+00:00","breadcrumb":{"@id":"https:\/\/visitova.be\/de\/touristische-karte\/#breadcrumb"},"inLanguage":"de","potentialAction":[{"@type":"ReadAction","target":["https:\/\/visitova.be\/de\/touristische-karte\/"]}]},{"@type":"ImageObject","inLanguage":"de","@id":"https:\/\/visitova.be\/de\/touristische-karte\/#primaryimage","url":"https:\/\/visitova.be\/wp-content\/uploads\/2020\/03\/resultat-w1920.jpg","contentUrl":"https:\/\/visitova.be\/wp-content\/uploads\/2020\/03\/resultat-w1920.jpg","width":1920,"height":720},{"@type":"BreadcrumbList","@id":"https:\/\/visitova.be\/de\/touristische-karte\/#breadcrumb","itemListElement":[{"@type":"ListItem","position":1,"name":"Accueil","item":"https:\/\/visitova.be\/de\/"},{"@type":"ListItem","position":2,"name":"Touristische Karte"}]},{"@type":"WebSite","@id":"https:\/\/visitova.be\/de\/#website","url":"https:\/\/visitova.be\/de\/","name":"MT Ourthe-Vesdre-Ambl\u00e8ve","description":"Bienvenue en Ourthe-Vesdre-Ambl\u00e8ve","potentialAction":[{"@type":"SearchAction","target":{"@type":"EntryPoint","urlTemplate":"https:\/\/visitova.be\/de\/?s={search_term_string}"},"query-input":{"@type":"PropertyValueSpecification","valueRequired":true,"valueName":"search_term_string"}}],"inLanguage":"de"}]}},"_links":{"self":[{"href":"https:\/\/visitova.be\/de\/wp-json\/wp\/v2\/pages\/3987"}],"collection":[{"href":"https:\/\/visitova.be\/de\/wp-json\/wp\/v2\/pages"}],"about":[{"href":"https:\/\/visitova.be\/de\/wp-json\/wp\/v2\/types\/page"}],"author":[{"embeddable":true,"href":"https:\/\/visitova.be\/de\/wp-json\/wp\/v2\/users\/9"}],"replies":[{"embeddable":true,"href":"https:\/\/visitova.be\/de\/wp-json\/wp\/v2\/comments?post=3987"}],"version-history":[{"count":0,"href":"https:\/\/visitova.be\/de\/wp-json\/wp\/v2\/pages\/3987\/revisions"}],"wp:featuredmedia":[{"embeddable":true,"href":"https:\/\/visitova.be\/de\/wp-json\/wp\/v2\/media\/4562"}],"wp:attachment":[{"href":"https:\/\/visitova.be\/de\/wp-json\/wp\/v2\/media?parent=3987"}],"curies":[{"name":"wp","href":"https:\/\/api.w.org\/{rel}","templated":true}]}}