{"id":3462,"date":"2020-05-19T12:36:14","date_gmt":"2020-06-11T12:22:50","guid":{"rendered":"https:\/\/cgttourisme-mtgreova.pf26.wpserveur.net\/product\/ueber-huegel-und-durch-taeler\/"},"modified":"2020-06-11T14:22:55","modified_gmt":"2020-06-11T12:22:55","slug":"uber-hugel-und-durch-taler","status":"publish","type":"product","link":"https:\/\/visitova.be\/de\/produkt\/uber-hugel-und-durch-taler\/","title":{"rendered":"\u00dcber H\u00fcgel und durch T\u00e4ler"},"content":{"rendered":"<p>Wanderungen in Ourthe-Vesdre-Ambl\u00e8ve<br \/>\nMit mehr als 900 km Wanderwegen, 750 km Radwegen und 150 km Reitwegen ist das Land Ourthe-Vesdre-Ambl\u00e8ve sehr naturbezogen. Diese Brosch\u00fcre nimmt Sie mit zur Entdeckung verschiedener Wanderungen und Spazierg\u00e4nge in unserer Region !<\/p>\n","protected":false},"excerpt":{"rendered":"<p>Wanderungen in Ourthe-Vesdre-Ambl\u00e8ve Mit mehr als 900 km Wanderwegen, 750 km Radwegen und 150 km Reitwegen ist das Land Ourthe-Vesdre-Ambl\u00e8ve sehr naturbezogen. Diese Brosch\u00fcre nimmt Sie mit zur Entdeckung verschiedener Wanderungen und Spazierg\u00e4nge in unserer Region !<\/p>\n","protected":false},"featured_media":10692,"template":"","meta":{"_acf_changed":false,"_et_pb_use_builder":"","_et_pb_old_content":"","_et_gb_content_width":""},"product_brand":[],"product_cat":[73],"product_tag":[],"class_list":{"0":"post-3462","1":"product","2":"type-product","3":"status-publish","4":"has-post-thumbnail","6":"product_cat-broschure","8":"first","9":"instock","10":"shipping-taxable","11":"purchasable","12":"product-type-simple"},"acf":[],"yoast_head":"<!-- This site is optimized with the Yoast SEO plugin v25.5 - https:\/\/yoast.com\/wordpress\/plugins\/seo\/ -->\n<title>\u00dcber H\u00fcgel und durch T\u00e4ler - MT Ourthe-Vesdre-Ambl\u00e8ve<\/title>\n<meta name=\"robots\" content=\"index, follow, max-snippet:-1, max-image-preview:large, max-video-preview:-1\" \/>\n<link rel=\"canonical\" href=\"https:\/\/visitova.be\/de\/produkt\/uber-hugel-und-durch-taler\/\" \/>\n<meta property=\"og:locale\" content=\"de_DE\" \/>\n<meta property=\"og:type\" content=\"article\" \/>\n<meta property=\"og:title\" content=\"\u00dcber H\u00fcgel und durch T\u00e4ler - MT Ourthe-Vesdre-Ambl\u00e8ve\" \/>\n<meta property=\"og:description\" content=\"Wanderungen in Ourthe-Vesdre-Ambl\u00e8ve Mit mehr als 900 km Wanderwegen, 750 km Radwegen und 150 km Reitwegen ist das Land Ourthe-Vesdre-Ambl\u00e8ve sehr naturbezogen. Diese Brosch\u00fcre nimmt Sie mit zur Entdeckung verschiedener Wanderungen und Spazierg\u00e4nge in unserer Region !\" \/>\n<meta property=\"og:url\" content=\"https:\/\/visitova.be\/de\/produkt\/uber-hugel-und-durch-taler\/\" \/>\n<meta property=\"og:site_name\" content=\"MT Ourthe-Vesdre-Ambl\u00e8ve\" \/>\n<meta property=\"article:modified_time\" content=\"2020-06-11T12:22:55+00:00\" \/>\n<meta property=\"og:image\" content=\"https:\/\/visitova.be\/wp-content\/uploads\/2020\/05\/par_monts_et_par_vaux_1_FR_lightblue.webp\" \/>\n\t<meta property=\"og:image:width\" content=\"1000\" \/>\n\t<meta property=\"og:image:height\" content=\"1000\" \/>\n\t<meta property=\"og:image:type\" content=\"image\/webp\" \/>\n<meta name=\"twitter:card\" content=\"summary_large_image\" \/>\n<script type=\"application\/ld+json\" class=\"yoast-schema-graph\">{\"@context\":\"https:\/\/schema.org\",\"@graph\":[{\"@type\":\"WebPage\",\"@id\":\"https:\/\/visitova.be\/de\/produkt\/uber-hugel-und-durch-taler\/\",\"url\":\"https:\/\/visitova.be\/de\/produkt\/uber-hugel-und-durch-taler\/\",\"name\":\"\u00dcber H\u00fcgel und durch T\u00e4ler - MT Ourthe-Vesdre-Ambl\u00e8ve\",\"isPartOf\":{\"@id\":\"https:\/\/visitova.be\/de\/#website\"},\"primaryImageOfPage\":{\"@id\":\"https:\/\/visitova.be\/de\/produkt\/uber-hugel-und-durch-taler\/#primaryimage\"},\"image\":{\"@id\":\"https:\/\/visitova.be\/de\/produkt\/uber-hugel-und-durch-taler\/#primaryimage\"},\"thumbnailUrl\":\"https:\/\/visitova.be\/wp-content\/uploads\/2020\/05\/par_monts_et_par_vaux_1_FR_lightblue.webp\",\"datePublished\":\"2020-06-11T12:22:50+00:00\",\"dateModified\":\"2020-06-11T12:22:55+00:00\",\"breadcrumb\":{\"@id\":\"https:\/\/visitova.be\/de\/produkt\/uber-hugel-und-durch-taler\/#breadcrumb\"},\"inLanguage\":\"de\",\"potentialAction\":[{\"@type\":\"ReadAction\",\"target\":[\"https:\/\/visitova.be\/de\/produkt\/uber-hugel-und-durch-taler\/\"]}]},{\"@type\":\"ImageObject\",\"inLanguage\":\"de\",\"@id\":\"https:\/\/visitova.be\/de\/produkt\/uber-hugel-und-durch-taler\/#primaryimage\",\"url\":\"https:\/\/visitova.be\/wp-content\/uploads\/2020\/05\/par_monts_et_par_vaux_1_FR_lightblue.webp\",\"contentUrl\":\"https:\/\/visitova.be\/wp-content\/uploads\/2020\/05\/par_monts_et_par_vaux_1_FR_lightblue.webp\",\"width\":1000,\"height\":1000},{\"@type\":\"BreadcrumbList\",\"@id\":\"https:\/\/visitova.be\/de\/produkt\/uber-hugel-und-durch-taler\/#breadcrumb\",\"itemListElement\":[{\"@type\":\"ListItem\",\"position\":1,\"name\":\"Accueil\",\"item\":\"https:\/\/visitova.be\/de\/\"},{\"@type\":\"ListItem\",\"position\":2,\"name\":\"Boutique\",\"item\":\"https:\/\/visitova.be\/boutique\/\"},{\"@type\":\"ListItem\",\"position\":3,\"name\":\"\u00dcber H\u00fcgel und durch T\u00e4ler\"}]},{\"@type\":\"WebSite\",\"@id\":\"https:\/\/visitova.be\/de\/#website\",\"url\":\"https:\/\/visitova.be\/de\/\",\"name\":\"MT Ourthe-Vesdre-Ambl\u00e8ve\",\"description\":\"Bienvenue en Ourthe-Vesdre-Ambl\u00e8ve\",\"potentialAction\":[{\"@type\":\"SearchAction\",\"target\":{\"@type\":\"EntryPoint\",\"urlTemplate\":\"https:\/\/visitova.be\/de\/?s={search_term_string}\"},\"query-input\":{\"@type\":\"PropertyValueSpecification\",\"valueRequired\":true,\"valueName\":\"search_term_string\"}}],\"inLanguage\":\"de\"}]}<\/script>\n<!-- \/ Yoast SEO plugin. -->","yoast_head_json":{"title":"\u00dcber H\u00fcgel und durch T\u00e4ler - MT Ourthe-Vesdre-Ambl\u00e8ve","robots":{"index":"index","follow":"follow","max-snippet":"max-snippet:-1","max-image-preview":"max-image-preview:large","max-video-preview":"max-video-preview:-1"},"canonical":"https:\/\/visitova.be\/de\/produkt\/uber-hugel-und-durch-taler\/","og_locale":"de_DE","og_type":"article","og_title":"\u00dcber H\u00fcgel und durch T\u00e4ler - MT Ourthe-Vesdre-Ambl\u00e8ve","og_description":"Wanderungen in Ourthe-Vesdre-Ambl\u00e8ve Mit mehr als 900 km Wanderwegen, 750 km Radwegen und 150 km Reitwegen ist das Land Ourthe-Vesdre-Ambl\u00e8ve sehr naturbezogen. Diese Brosch\u00fcre nimmt Sie mit zur Entdeckung verschiedener Wanderungen und Spazierg\u00e4nge in unserer Region !","og_url":"https:\/\/visitova.be\/de\/produkt\/uber-hugel-und-durch-taler\/","og_site_name":"MT Ourthe-Vesdre-Ambl\u00e8ve","article_modified_time":"2020-06-11T12:22:55+00:00","og_image":[{"width":1000,"height":1000,"url":"https:\/\/visitova.be\/wp-content\/uploads\/2020\/05\/par_monts_et_par_vaux_1_FR_lightblue.webp","type":"image\/webp"}],"twitter_card":"summary_large_image","schema":{"@context":"https:\/\/schema.org","@graph":[{"@type":"WebPage","@id":"https:\/\/visitova.be\/de\/produkt\/uber-hugel-und-durch-taler\/","url":"https:\/\/visitova.be\/de\/produkt\/uber-hugel-und-durch-taler\/","name":"\u00dcber H\u00fcgel und durch T\u00e4ler - MT Ourthe-Vesdre-Ambl\u00e8ve","isPartOf":{"@id":"https:\/\/visitova.be\/de\/#website"},"primaryImageOfPage":{"@id":"https:\/\/visitova.be\/de\/produkt\/uber-hugel-und-durch-taler\/#primaryimage"},"image":{"@id":"https:\/\/visitova.be\/de\/produkt\/uber-hugel-und-durch-taler\/#primaryimage"},"thumbnailUrl":"https:\/\/visitova.be\/wp-content\/uploads\/2020\/05\/par_monts_et_par_vaux_1_FR_lightblue.webp","datePublished":"2020-06-11T12:22:50+00:00","dateModified":"2020-06-11T12:22:55+00:00","breadcrumb":{"@id":"https:\/\/visitova.be\/de\/produkt\/uber-hugel-und-durch-taler\/#breadcrumb"},"inLanguage":"de","potentialAction":[{"@type":"ReadAction","target":["https:\/\/visitova.be\/de\/produkt\/uber-hugel-und-durch-taler\/"]}]},{"@type":"ImageObject","inLanguage":"de","@id":"https:\/\/visitova.be\/de\/produkt\/uber-hugel-und-durch-taler\/#primaryimage","url":"https:\/\/visitova.be\/wp-content\/uploads\/2020\/05\/par_monts_et_par_vaux_1_FR_lightblue.webp","contentUrl":"https:\/\/visitova.be\/wp-content\/uploads\/2020\/05\/par_monts_et_par_vaux_1_FR_lightblue.webp","width":1000,"height":1000},{"@type":"BreadcrumbList","@id":"https:\/\/visitova.be\/de\/produkt\/uber-hugel-und-durch-taler\/#breadcrumb","itemListElement":[{"@type":"ListItem","position":1,"name":"Accueil","item":"https:\/\/visitova.be\/de\/"},{"@type":"ListItem","position":2,"name":"Boutique","item":"https:\/\/visitova.be\/boutique\/"},{"@type":"ListItem","position":3,"name":"\u00dcber H\u00fcgel und durch T\u00e4ler"}]},{"@type":"WebSite","@id":"https:\/\/visitova.be\/de\/#website","url":"https:\/\/visitova.be\/de\/","name":"MT Ourthe-Vesdre-Ambl\u00e8ve","description":"Bienvenue en Ourthe-Vesdre-Ambl\u00e8ve","potentialAction":[{"@type":"SearchAction","target":{"@type":"EntryPoint","urlTemplate":"https:\/\/visitova.be\/de\/?s={search_term_string}"},"query-input":{"@type":"PropertyValueSpecification","valueRequired":true,"valueName":"search_term_string"}}],"inLanguage":"de"}]}},"_links":{"self":[{"href":"https:\/\/visitova.be\/de\/wp-json\/wp\/v2\/product\/3462"}],"collection":[{"href":"https:\/\/visitova.be\/de\/wp-json\/wp\/v2\/product"}],"about":[{"href":"https:\/\/visitova.be\/de\/wp-json\/wp\/v2\/types\/product"}],"wp:featuredmedia":[{"embeddable":true,"href":"https:\/\/visitova.be\/de\/wp-json\/wp\/v2\/media\/10692"}],"wp:attachment":[{"href":"https:\/\/visitova.be\/de\/wp-json\/wp\/v2\/media?parent=3462"}],"wp:term":[{"taxonomy":"product_brand","embeddable":true,"href":"https:\/\/visitova.be\/de\/wp-json\/wp\/v2\/product_brand?post=3462"},{"taxonomy":"product_cat","embeddable":true,"href":"https:\/\/visitova.be\/de\/wp-json\/wp\/v2\/product_cat?post=3462"},{"taxonomy":"product_tag","embeddable":true,"href":"https:\/\/visitova.be\/de\/wp-json\/wp\/v2\/product_tag?post=3462"}],"curies":[{"name":"wp","href":"https:\/\/api.w.org\/{rel}","templated":true}]}}