{"id":3472,"date":"2020-05-13T16:22:45","date_gmt":"2020-06-11T14:04:50","guid":{"rendered":"https:\/\/cgttourisme-mtgreova.pf26.wpserveur.net\/product\/wanderkarte-stoumont\/"},"modified":"2020-06-11T16:04:51","modified_gmt":"2020-06-11T14:04:51","slug":"wanderkarte-stoumont","status":"publish","type":"product","link":"https:\/\/visitova.be\/de\/produkt\/wanderkarte-stoumont\/","title":{"rendered":"Wanderkarte Stoumont"},"content":{"rendered":"<p>Ma\u00dfstab 1\/25 000. 24 Wanderrouten und 10 Mointainbikerouten. Auf der R\u00fcckseite, verschiedene Informationen \u00e4ber die D\u00f6rfer, Sehe,sw\u00fcrdigkeiten, Flora und Fauna,&#8230;. F &#8211; NL<\/p>\n","protected":false},"excerpt":{"rendered":"<p>Ma\u00dfstab 1\/25 000. 24 Wanderrouten und 10 Mointainbikerouten. Auf der R\u00fcckseite, verschiedene Informationen \u00e4ber die D\u00f6rfer, Sehe,sw\u00fcrdigkeiten, Flora und Fauna,&#8230;. F &#8211; NL<\/p>\n","protected":false},"featured_media":3268,"template":"","meta":{"_acf_changed":false,"_et_pb_use_builder":"","_et_pb_old_content":"","_et_gb_content_width":""},"product_brand":[],"product_cat":[76,88],"product_tag":[],"class_list":{"0":"post-3472","1":"product","2":"type-product","3":"status-publish","4":"has-post-thumbnail","6":"product_cat-karten","7":"product_cat-karten-ova","9":"first","10":"instock","11":"shipping-taxable","12":"purchasable","13":"product-type-simple"},"acf":[],"yoast_head":"<!-- This site is optimized with the Yoast SEO plugin v25.5 - https:\/\/yoast.com\/wordpress\/plugins\/seo\/ -->\n<title>Wanderkarte Stoumont - MT Ourthe-Vesdre-Ambl\u00e8ve<\/title>\n<meta name=\"robots\" content=\"index, follow, max-snippet:-1, max-image-preview:large, max-video-preview:-1\" \/>\n<link rel=\"canonical\" href=\"https:\/\/visitova.be\/de\/produkt\/wanderkarte-stoumont\/\" \/>\n<meta property=\"og:locale\" content=\"de_DE\" \/>\n<meta property=\"og:type\" content=\"article\" \/>\n<meta property=\"og:title\" content=\"Wanderkarte Stoumont - MT Ourthe-Vesdre-Ambl\u00e8ve\" \/>\n<meta property=\"og:description\" content=\"Ma\u00dfstab 1\/25 000. 24 Wanderrouten und 10 Mointainbikerouten. Auf der R\u00fcckseite, verschiedene Informationen \u00e4ber die D\u00f6rfer, Sehe,sw\u00fcrdigkeiten, Flora und Fauna,&#8230;. F &#8211; NL\" \/>\n<meta property=\"og:url\" content=\"https:\/\/visitova.be\/de\/produkt\/wanderkarte-stoumont\/\" \/>\n<meta property=\"og:site_name\" content=\"MT Ourthe-Vesdre-Ambl\u00e8ve\" \/>\n<meta property=\"article:modified_time\" content=\"2020-06-11T14:04:51+00:00\" \/>\n<meta property=\"og:image\" content=\"https:\/\/visitova.be\/wp-content\/uploads\/2020\/05\/ign-stoumont-w400.jpg\" \/>\n\t<meta property=\"og:image:width\" content=\"400\" \/>\n\t<meta property=\"og:image:height\" content=\"400\" \/>\n\t<meta property=\"og:image:type\" content=\"image\/jpeg\" \/>\n<meta name=\"twitter:card\" content=\"summary_large_image\" \/>\n<script type=\"application\/ld+json\" class=\"yoast-schema-graph\">{\"@context\":\"https:\/\/schema.org\",\"@graph\":[{\"@type\":\"WebPage\",\"@id\":\"https:\/\/visitova.be\/de\/produkt\/wanderkarte-stoumont\/\",\"url\":\"https:\/\/visitova.be\/de\/produkt\/wanderkarte-stoumont\/\",\"name\":\"Wanderkarte Stoumont - MT Ourthe-Vesdre-Ambl\u00e8ve\",\"isPartOf\":{\"@id\":\"https:\/\/visitova.be\/de\/#website\"},\"primaryImageOfPage\":{\"@id\":\"https:\/\/visitova.be\/de\/produkt\/wanderkarte-stoumont\/#primaryimage\"},\"image\":{\"@id\":\"https:\/\/visitova.be\/de\/produkt\/wanderkarte-stoumont\/#primaryimage\"},\"thumbnailUrl\":\"https:\/\/visitova.be\/wp-content\/uploads\/2020\/05\/ign-stoumont-w400.jpg\",\"datePublished\":\"2020-06-11T14:04:50+00:00\",\"dateModified\":\"2020-06-11T14:04:51+00:00\",\"breadcrumb\":{\"@id\":\"https:\/\/visitova.be\/de\/produkt\/wanderkarte-stoumont\/#breadcrumb\"},\"inLanguage\":\"de\",\"potentialAction\":[{\"@type\":\"ReadAction\",\"target\":[\"https:\/\/visitova.be\/de\/produkt\/wanderkarte-stoumont\/\"]}]},{\"@type\":\"ImageObject\",\"inLanguage\":\"de\",\"@id\":\"https:\/\/visitova.be\/de\/produkt\/wanderkarte-stoumont\/#primaryimage\",\"url\":\"https:\/\/visitova.be\/wp-content\/uploads\/2020\/05\/ign-stoumont-w400.jpg\",\"contentUrl\":\"https:\/\/visitova.be\/wp-content\/uploads\/2020\/05\/ign-stoumont-w400.jpg\",\"width\":400,\"height\":400,\"caption\":\"Wanderkarte Stoumont\"},{\"@type\":\"BreadcrumbList\",\"@id\":\"https:\/\/visitova.be\/de\/produkt\/wanderkarte-stoumont\/#breadcrumb\",\"itemListElement\":[{\"@type\":\"ListItem\",\"position\":1,\"name\":\"Accueil\",\"item\":\"https:\/\/visitova.be\/de\/\"},{\"@type\":\"ListItem\",\"position\":2,\"name\":\"Boutique\",\"item\":\"https:\/\/visitova.be\/boutique\/\"},{\"@type\":\"ListItem\",\"position\":3,\"name\":\"Wanderkarte Stoumont\"}]},{\"@type\":\"WebSite\",\"@id\":\"https:\/\/visitova.be\/de\/#website\",\"url\":\"https:\/\/visitova.be\/de\/\",\"name\":\"MT Ourthe-Vesdre-Ambl\u00e8ve\",\"description\":\"Bienvenue en Ourthe-Vesdre-Ambl\u00e8ve\",\"potentialAction\":[{\"@type\":\"SearchAction\",\"target\":{\"@type\":\"EntryPoint\",\"urlTemplate\":\"https:\/\/visitova.be\/de\/?s={search_term_string}\"},\"query-input\":{\"@type\":\"PropertyValueSpecification\",\"valueRequired\":true,\"valueName\":\"search_term_string\"}}],\"inLanguage\":\"de\"}]}<\/script>\n<!-- \/ Yoast SEO plugin. -->","yoast_head_json":{"title":"Wanderkarte Stoumont - MT Ourthe-Vesdre-Ambl\u00e8ve","robots":{"index":"index","follow":"follow","max-snippet":"max-snippet:-1","max-image-preview":"max-image-preview:large","max-video-preview":"max-video-preview:-1"},"canonical":"https:\/\/visitova.be\/de\/produkt\/wanderkarte-stoumont\/","og_locale":"de_DE","og_type":"article","og_title":"Wanderkarte Stoumont - MT Ourthe-Vesdre-Ambl\u00e8ve","og_description":"Ma\u00dfstab 1\/25 000. 24 Wanderrouten und 10 Mointainbikerouten. Auf der R\u00fcckseite, verschiedene Informationen \u00e4ber die D\u00f6rfer, Sehe,sw\u00fcrdigkeiten, Flora und Fauna,&#8230;. F &#8211; NL","og_url":"https:\/\/visitova.be\/de\/produkt\/wanderkarte-stoumont\/","og_site_name":"MT Ourthe-Vesdre-Ambl\u00e8ve","article_modified_time":"2020-06-11T14:04:51+00:00","og_image":[{"width":400,"height":400,"url":"https:\/\/visitova.be\/wp-content\/uploads\/2020\/05\/ign-stoumont-w400.jpg","type":"image\/jpeg"}],"twitter_card":"summary_large_image","schema":{"@context":"https:\/\/schema.org","@graph":[{"@type":"WebPage","@id":"https:\/\/visitova.be\/de\/produkt\/wanderkarte-stoumont\/","url":"https:\/\/visitova.be\/de\/produkt\/wanderkarte-stoumont\/","name":"Wanderkarte Stoumont - MT Ourthe-Vesdre-Ambl\u00e8ve","isPartOf":{"@id":"https:\/\/visitova.be\/de\/#website"},"primaryImageOfPage":{"@id":"https:\/\/visitova.be\/de\/produkt\/wanderkarte-stoumont\/#primaryimage"},"image":{"@id":"https:\/\/visitova.be\/de\/produkt\/wanderkarte-stoumont\/#primaryimage"},"thumbnailUrl":"https:\/\/visitova.be\/wp-content\/uploads\/2020\/05\/ign-stoumont-w400.jpg","datePublished":"2020-06-11T14:04:50+00:00","dateModified":"2020-06-11T14:04:51+00:00","breadcrumb":{"@id":"https:\/\/visitova.be\/de\/produkt\/wanderkarte-stoumont\/#breadcrumb"},"inLanguage":"de","potentialAction":[{"@type":"ReadAction","target":["https:\/\/visitova.be\/de\/produkt\/wanderkarte-stoumont\/"]}]},{"@type":"ImageObject","inLanguage":"de","@id":"https:\/\/visitova.be\/de\/produkt\/wanderkarte-stoumont\/#primaryimage","url":"https:\/\/visitova.be\/wp-content\/uploads\/2020\/05\/ign-stoumont-w400.jpg","contentUrl":"https:\/\/visitova.be\/wp-content\/uploads\/2020\/05\/ign-stoumont-w400.jpg","width":400,"height":400,"caption":"Wanderkarte Stoumont"},{"@type":"BreadcrumbList","@id":"https:\/\/visitova.be\/de\/produkt\/wanderkarte-stoumont\/#breadcrumb","itemListElement":[{"@type":"ListItem","position":1,"name":"Accueil","item":"https:\/\/visitova.be\/de\/"},{"@type":"ListItem","position":2,"name":"Boutique","item":"https:\/\/visitova.be\/boutique\/"},{"@type":"ListItem","position":3,"name":"Wanderkarte Stoumont"}]},{"@type":"WebSite","@id":"https:\/\/visitova.be\/de\/#website","url":"https:\/\/visitova.be\/de\/","name":"MT Ourthe-Vesdre-Ambl\u00e8ve","description":"Bienvenue en Ourthe-Vesdre-Ambl\u00e8ve","potentialAction":[{"@type":"SearchAction","target":{"@type":"EntryPoint","urlTemplate":"https:\/\/visitova.be\/de\/?s={search_term_string}"},"query-input":{"@type":"PropertyValueSpecification","valueRequired":true,"valueName":"search_term_string"}}],"inLanguage":"de"}]}},"_links":{"self":[{"href":"https:\/\/visitova.be\/de\/wp-json\/wp\/v2\/product\/3472"}],"collection":[{"href":"https:\/\/visitova.be\/de\/wp-json\/wp\/v2\/product"}],"about":[{"href":"https:\/\/visitova.be\/de\/wp-json\/wp\/v2\/types\/product"}],"wp:featuredmedia":[{"embeddable":true,"href":"https:\/\/visitova.be\/de\/wp-json\/wp\/v2\/media\/3268"}],"wp:attachment":[{"href":"https:\/\/visitova.be\/de\/wp-json\/wp\/v2\/media?parent=3472"}],"wp:term":[{"taxonomy":"product_brand","embeddable":true,"href":"https:\/\/visitova.be\/de\/wp-json\/wp\/v2\/product_brand?post=3472"},{"taxonomy":"product_cat","embeddable":true,"href":"https:\/\/visitova.be\/de\/wp-json\/wp\/v2\/product_cat?post=3472"},{"taxonomy":"product_tag","embeddable":true,"href":"https:\/\/visitova.be\/de\/wp-json\/wp\/v2\/product_tag?post=3472"}],"curies":[{"name":"wp","href":"https:\/\/api.w.org\/{rel}","templated":true}]}}