{"id":6464,"date":"2021-02-04T15:19:05","date_gmt":"2021-02-04T14:19:05","guid":{"rendered":"https:\/\/ovatourisme.be\/produit\/ein-gebraeu-voll-guter-laune\/"},"modified":"2021-03-18T12:32:25","modified_gmt":"2021-03-18T11:32:25","slug":"ein-gebrau-voll-guter-laune","status":"publish","type":"product","link":"https:\/\/visitova.be\/de\/produkt\/ein-gebrau-voll-guter-laune\/","title":{"rendered":"Ein Gebr\u00e4u voll guter Laune"},"content":{"rendered":"<p>Die Geselligkeit unserer Region macht sie zu einem idealen Ort f\u00fcr die Entwicklung von Brauaktivit\u00e4ten.<br \/>\nMit professionellen Brauereien, Mikrobrauereien, der Entwicklung von Marken und Qualit\u00e4tsprodukten, Workshops und Braukursen werden alle Facetten dieses komplexen und vor allem festlichen Getr\u00e4nks in unseren T\u00e4lern pr\u00e4sentiert.<\/p>\n","protected":false},"excerpt":{"rendered":"<p>Die Geselligkeit unserer Region macht sie zu einem idealen Ort f\u00fcr die Entwicklung von Brauaktivit\u00e4ten. Mit professionellen Brauereien, Mikrobrauereien, der Entwicklung von Marken und Qualit\u00e4tsprodukten, Workshops und Braukursen werden alle Facetten dieses komplexen und vor allem festlichen Getr\u00e4nks in unseren T\u00e4lern pr\u00e4sentiert.<\/p>\n","protected":false},"featured_media":6274,"template":"","meta":{"_acf_changed":false,"_et_pb_use_builder":"","_et_pb_old_content":"","_et_gb_content_width":""},"product_brand":[],"product_cat":[73],"product_tag":[],"class_list":{"0":"post-6464","1":"product","2":"type-product","3":"status-publish","4":"has-post-thumbnail","6":"product_cat-broschure","8":"first","9":"instock","10":"shipping-taxable","11":"purchasable","12":"product-type-simple"},"acf":[],"yoast_head":"<!-- This site is optimized with the Yoast SEO plugin v25.5 - https:\/\/yoast.com\/wordpress\/plugins\/seo\/ -->\n<title>Ein Gebr\u00e4u voll guter Laune - MT Ourthe-Vesdre-Ambl\u00e8ve<\/title>\n<meta name=\"robots\" content=\"index, follow, max-snippet:-1, max-image-preview:large, max-video-preview:-1\" \/>\n<link rel=\"canonical\" href=\"https:\/\/visitova.be\/de\/produkt\/ein-gebrau-voll-guter-laune\/\" \/>\n<meta property=\"og:locale\" content=\"de_DE\" \/>\n<meta property=\"og:type\" content=\"article\" \/>\n<meta property=\"og:title\" content=\"Ein Gebr\u00e4u voll guter Laune - MT Ourthe-Vesdre-Ambl\u00e8ve\" \/>\n<meta property=\"og:description\" content=\"Die Geselligkeit unserer Region macht sie zu einem idealen Ort f\u00fcr die Entwicklung von Brauaktivit\u00e4ten. Mit professionellen Brauereien, Mikrobrauereien, der Entwicklung von Marken und Qualit\u00e4tsprodukten, Workshops und Braukursen werden alle Facetten dieses komplexen und vor allem festlichen Getr\u00e4nks in unseren T\u00e4lern pr\u00e4sentiert.\" \/>\n<meta property=\"og:url\" content=\"https:\/\/visitova.be\/de\/produkt\/ein-gebrau-voll-guter-laune\/\" \/>\n<meta property=\"og:site_name\" content=\"MT Ourthe-Vesdre-Ambl\u00e8ve\" \/>\n<meta property=\"article:modified_time\" content=\"2021-03-18T11:32:25+00:00\" \/>\n<meta property=\"og:image\" content=\"https:\/\/visitova.be\/wp-content\/uploads\/2021\/04\/couverture-biere-D.jpg\" \/>\n\t<meta property=\"og:image:width\" content=\"600\" \/>\n\t<meta property=\"og:image:height\" content=\"600\" \/>\n\t<meta property=\"og:image:type\" content=\"image\/jpeg\" \/>\n<meta name=\"twitter:card\" content=\"summary_large_image\" \/>\n<script type=\"application\/ld+json\" class=\"yoast-schema-graph\">{\"@context\":\"https:\/\/schema.org\",\"@graph\":[{\"@type\":\"WebPage\",\"@id\":\"https:\/\/visitova.be\/de\/produkt\/ein-gebrau-voll-guter-laune\/\",\"url\":\"https:\/\/visitova.be\/de\/produkt\/ein-gebrau-voll-guter-laune\/\",\"name\":\"Ein Gebr\u00e4u voll guter Laune - MT Ourthe-Vesdre-Ambl\u00e8ve\",\"isPartOf\":{\"@id\":\"https:\/\/visitova.be\/de\/#website\"},\"primaryImageOfPage\":{\"@id\":\"https:\/\/visitova.be\/de\/produkt\/ein-gebrau-voll-guter-laune\/#primaryimage\"},\"image\":{\"@id\":\"https:\/\/visitova.be\/de\/produkt\/ein-gebrau-voll-guter-laune\/#primaryimage\"},\"thumbnailUrl\":\"https:\/\/visitova.be\/wp-content\/uploads\/2021\/04\/couverture-biere-D.jpg\",\"datePublished\":\"2021-02-04T14:19:05+00:00\",\"dateModified\":\"2021-03-18T11:32:25+00:00\",\"breadcrumb\":{\"@id\":\"https:\/\/visitova.be\/de\/produkt\/ein-gebrau-voll-guter-laune\/#breadcrumb\"},\"inLanguage\":\"de\",\"potentialAction\":[{\"@type\":\"ReadAction\",\"target\":[\"https:\/\/visitova.be\/de\/produkt\/ein-gebrau-voll-guter-laune\/\"]}]},{\"@type\":\"ImageObject\",\"inLanguage\":\"de\",\"@id\":\"https:\/\/visitova.be\/de\/produkt\/ein-gebrau-voll-guter-laune\/#primaryimage\",\"url\":\"https:\/\/visitova.be\/wp-content\/uploads\/2021\/04\/couverture-biere-D.jpg\",\"contentUrl\":\"https:\/\/visitova.be\/wp-content\/uploads\/2021\/04\/couverture-biere-D.jpg\",\"width\":600,\"height\":600},{\"@type\":\"BreadcrumbList\",\"@id\":\"https:\/\/visitova.be\/de\/produkt\/ein-gebrau-voll-guter-laune\/#breadcrumb\",\"itemListElement\":[{\"@type\":\"ListItem\",\"position\":1,\"name\":\"Accueil\",\"item\":\"https:\/\/visitova.be\/de\/\"},{\"@type\":\"ListItem\",\"position\":2,\"name\":\"Boutique\",\"item\":\"https:\/\/visitova.be\/boutique\/\"},{\"@type\":\"ListItem\",\"position\":3,\"name\":\"Ein Gebr\u00e4u voll guter Laune\"}]},{\"@type\":\"WebSite\",\"@id\":\"https:\/\/visitova.be\/de\/#website\",\"url\":\"https:\/\/visitova.be\/de\/\",\"name\":\"MT Ourthe-Vesdre-Ambl\u00e8ve\",\"description\":\"Bienvenue en Ourthe-Vesdre-Ambl\u00e8ve\",\"potentialAction\":[{\"@type\":\"SearchAction\",\"target\":{\"@type\":\"EntryPoint\",\"urlTemplate\":\"https:\/\/visitova.be\/de\/?s={search_term_string}\"},\"query-input\":{\"@type\":\"PropertyValueSpecification\",\"valueRequired\":true,\"valueName\":\"search_term_string\"}}],\"inLanguage\":\"de\"}]}<\/script>\n<!-- \/ Yoast SEO plugin. -->","yoast_head_json":{"title":"Ein Gebr\u00e4u voll guter Laune - MT Ourthe-Vesdre-Ambl\u00e8ve","robots":{"index":"index","follow":"follow","max-snippet":"max-snippet:-1","max-image-preview":"max-image-preview:large","max-video-preview":"max-video-preview:-1"},"canonical":"https:\/\/visitova.be\/de\/produkt\/ein-gebrau-voll-guter-laune\/","og_locale":"de_DE","og_type":"article","og_title":"Ein Gebr\u00e4u voll guter Laune - MT Ourthe-Vesdre-Ambl\u00e8ve","og_description":"Die Geselligkeit unserer Region macht sie zu einem idealen Ort f\u00fcr die Entwicklung von Brauaktivit\u00e4ten. Mit professionellen Brauereien, Mikrobrauereien, der Entwicklung von Marken und Qualit\u00e4tsprodukten, Workshops und Braukursen werden alle Facetten dieses komplexen und vor allem festlichen Getr\u00e4nks in unseren T\u00e4lern pr\u00e4sentiert.","og_url":"https:\/\/visitova.be\/de\/produkt\/ein-gebrau-voll-guter-laune\/","og_site_name":"MT Ourthe-Vesdre-Ambl\u00e8ve","article_modified_time":"2021-03-18T11:32:25+00:00","og_image":[{"width":600,"height":600,"url":"https:\/\/visitova.be\/wp-content\/uploads\/2021\/04\/couverture-biere-D.jpg","type":"image\/jpeg"}],"twitter_card":"summary_large_image","schema":{"@context":"https:\/\/schema.org","@graph":[{"@type":"WebPage","@id":"https:\/\/visitova.be\/de\/produkt\/ein-gebrau-voll-guter-laune\/","url":"https:\/\/visitova.be\/de\/produkt\/ein-gebrau-voll-guter-laune\/","name":"Ein Gebr\u00e4u voll guter Laune - MT Ourthe-Vesdre-Ambl\u00e8ve","isPartOf":{"@id":"https:\/\/visitova.be\/de\/#website"},"primaryImageOfPage":{"@id":"https:\/\/visitova.be\/de\/produkt\/ein-gebrau-voll-guter-laune\/#primaryimage"},"image":{"@id":"https:\/\/visitova.be\/de\/produkt\/ein-gebrau-voll-guter-laune\/#primaryimage"},"thumbnailUrl":"https:\/\/visitova.be\/wp-content\/uploads\/2021\/04\/couverture-biere-D.jpg","datePublished":"2021-02-04T14:19:05+00:00","dateModified":"2021-03-18T11:32:25+00:00","breadcrumb":{"@id":"https:\/\/visitova.be\/de\/produkt\/ein-gebrau-voll-guter-laune\/#breadcrumb"},"inLanguage":"de","potentialAction":[{"@type":"ReadAction","target":["https:\/\/visitova.be\/de\/produkt\/ein-gebrau-voll-guter-laune\/"]}]},{"@type":"ImageObject","inLanguage":"de","@id":"https:\/\/visitova.be\/de\/produkt\/ein-gebrau-voll-guter-laune\/#primaryimage","url":"https:\/\/visitova.be\/wp-content\/uploads\/2021\/04\/couverture-biere-D.jpg","contentUrl":"https:\/\/visitova.be\/wp-content\/uploads\/2021\/04\/couverture-biere-D.jpg","width":600,"height":600},{"@type":"BreadcrumbList","@id":"https:\/\/visitova.be\/de\/produkt\/ein-gebrau-voll-guter-laune\/#breadcrumb","itemListElement":[{"@type":"ListItem","position":1,"name":"Accueil","item":"https:\/\/visitova.be\/de\/"},{"@type":"ListItem","position":2,"name":"Boutique","item":"https:\/\/visitova.be\/boutique\/"},{"@type":"ListItem","position":3,"name":"Ein Gebr\u00e4u voll guter Laune"}]},{"@type":"WebSite","@id":"https:\/\/visitova.be\/de\/#website","url":"https:\/\/visitova.be\/de\/","name":"MT Ourthe-Vesdre-Ambl\u00e8ve","description":"Bienvenue en Ourthe-Vesdre-Ambl\u00e8ve","potentialAction":[{"@type":"SearchAction","target":{"@type":"EntryPoint","urlTemplate":"https:\/\/visitova.be\/de\/?s={search_term_string}"},"query-input":{"@type":"PropertyValueSpecification","valueRequired":true,"valueName":"search_term_string"}}],"inLanguage":"de"}]}},"_links":{"self":[{"href":"https:\/\/visitova.be\/de\/wp-json\/wp\/v2\/product\/6464"}],"collection":[{"href":"https:\/\/visitova.be\/de\/wp-json\/wp\/v2\/product"}],"about":[{"href":"https:\/\/visitova.be\/de\/wp-json\/wp\/v2\/types\/product"}],"wp:featuredmedia":[{"embeddable":true,"href":"https:\/\/visitova.be\/de\/wp-json\/wp\/v2\/media\/6274"}],"wp:attachment":[{"href":"https:\/\/visitova.be\/de\/wp-json\/wp\/v2\/media?parent=6464"}],"wp:term":[{"taxonomy":"product_brand","embeddable":true,"href":"https:\/\/visitova.be\/de\/wp-json\/wp\/v2\/product_brand?post=6464"},{"taxonomy":"product_cat","embeddable":true,"href":"https:\/\/visitova.be\/de\/wp-json\/wp\/v2\/product_cat?post=6464"},{"taxonomy":"product_tag","embeddable":true,"href":"https:\/\/visitova.be\/de\/wp-json\/wp\/v2\/product_tag?post=6464"}],"curies":[{"name":"wp","href":"https:\/\/api.w.org\/{rel}","templated":true}]}}